{"id":59,"date":"2018-12-13T19:25:18","date_gmt":"2018-12-13T18:25:18","guid":{"rendered":"http:\/\/bbq-piraten.net\/?page_id=59"},"modified":"2018-12-13T19:25:18","modified_gmt":"2018-12-13T18:25:18","slug":"verein","status":"publish","type":"page","link":"https:\/\/bbq-piraten.de\/index.php\/verein\/","title":{"rendered":"Verein"},"content":{"rendered":"\n<p>\n\t<strong>Warum wurde der Verein gegr\u00fcndet?<\/strong><br>\n\t<br>\n\tDer Grundgedanke war und ist, einen stabilen Finanzgeber f\u00fcr das \nBBQ-Piraten Forum zu schaffen, damit sich keine Einzelperson am \ngeistigen Gut der BBQ-Piraten in irgend einer Form finanziell bereichern\n kann.<\/p>\n\n\n\n<p>\n\tEine demokratische Vorgehensweise f\u00fcr \nEntscheidungsfindungen sollte in den Vordergrund gestellt werden. Unsere\n Vereinsziele haben wir nat\u00fcrlich in der <a href=\"http:\/\/www.bbq-piraten.de\/files\/Satzung_BBQ-Piraten_Ganderkesee_Stenum_04_02_2017_.pdf\">Satzung<\/a> festgehalten:<br>\n\t<br>\n\tZweck des Vereins ist die F\u00f6rderung und Erhaltung der Grillkultur in \nDeutschland. Der Satzungszweck wird insbesondere durch aktive \nKoordination der Kommunikation der Vereinsmitglieder und die Vertretung \nder Interessen aller Mitglieder gegen\u00fcber Dritten verwirklicht.<br>\n\tDie Anerkennung unserer Vereinziele erhielten wir am 29.08.2013, denn \nseit diesem Tag d\u00fcrfen wir uns &#8220;eingetragener Verein&#8221; nennen.<\/p>\n\n\n\n<p>\n\t<strong>BBQ-Piraten e.V.<\/strong><\/p>\n\n\n\n<p>\n\t<br>\n\t<strong>Wie kann ich mich in das Vereins- und Forenleben einbringen?<\/strong><br>\n\tSich selbst und seine Ideen einzubringen ist kein Problem, da die \nStruktur und das Geschehen im Forum von dessen Mitgliedern bestimmt \nwird. So k\u00f6nnen Mitglieder und User Ihre Rezepte austauschen, anderen \nMitgliedern und Usern Tipps, Anregungen und Hilfestellungen geben.<\/p>\n\n\n\n<p>\tMitglieder und User treffen sich auch mehrfach im Jahr an versch. Orten auf sogenannten OTs (Offline-Treffen).<br>\t<br>\t<strong>Wo kann ich mich anmelden?<\/strong><br>\tVollst\u00e4ndiges Vereinsmitglied kannst du werden, in dem du den Antrag ausf\u00fcllst. Wenn du dich ausschlie\u00dflich im Forum einbringen m\u00f6chtest, kannst du dich hier kostenlos anmelden.<\/p>\n","protected":false},"excerpt":{"rendered":"<p>Warum wurde der Verein gegr\u00fcndet? Der Grundgedanke war und ist,<span class=\"more-button\"><a href=\"https:\/\/bbq-piraten.de\/index.php\/verein\/\" class=\"more-link\">Continue reading<span class=\"screen-reader-text\">Verein<\/span><\/a><\/span><\/p>\n","protected":false},"author":1,"featured_media":0,"parent":0,"menu_order":0,"comment_status":"closed","ping_status":"closed","template":"","meta":[],"_links":{"self":[{"href":"https:\/\/bbq-piraten.de\/index.php\/wp-json\/wp\/v2\/pages\/59"}],"collection":[{"href":"https:\/\/bbq-piraten.de\/index.php\/wp-json\/wp\/v2\/pages"}],"about":[{"href":"https:\/\/bbq-piraten.de\/index.php\/wp-json\/wp\/v2\/types\/page"}],"author":[{"embeddable":true,"href":"https:\/\/bbq-piraten.de\/index.php\/wp-json\/wp\/v2\/users\/1"}],"replies":[{"embeddable":true,"href":"https:\/\/bbq-piraten.de\/index.php\/wp-json\/wp\/v2\/comments?post=59"}],"version-history":[{"count":1,"href":"https:\/\/bbq-piraten.de\/index.php\/wp-json\/wp\/v2\/pages\/59\/revisions"}],"predecessor-version":[{"id":60,"href":"https:\/\/bbq-piraten.de\/index.php\/wp-json\/wp\/v2\/pages\/59\/revisions\/60"}],"wp:attachment":[{"href":"https:\/\/bbq-piraten.de\/index.php\/wp-json\/wp\/v2\/media?parent=59"}],"curies":[{"name":"wp","href":"https:\/\/api.w.org\/{rel}","templated":true}]}}